{"id":264,"date":"2020-04-22T19:30:28","date_gmt":"2020-04-22T19:30:28","guid":{"rendered":"https:\/\/avadawebsites.wpengine.com\/pet-supplies\/?post_type=product&#038;p=264"},"modified":"2026-04-17T23:55:32","modified_gmt":"2026-04-17T23:55:32","slug":"closable-cat-litter","status":"publish","type":"product","link":"https:\/\/staging.holland.mx\/?product=closable-cat-litter","title":{"rendered":"Flagyplex\u00ae Suspensi\u00f3n Oral"},"content":{"rendered":"<h2 class=\"fusion-responsive-typography-calculated\" data-fontsize=\"26\" data-lineheight=\"31.2px\">Flagyplex\u00ae Suspensi\u00f3n Oral<\/h2>\n<p><strong>F\u00d3RMULA<br \/>\nCada 100 ml contienen:<br \/>\n<\/strong>Metronidazol benzo\u00edlo 5 g<br \/>\nExcipiente cbp 100 mL<\/p>\n<p><strong>INDICACIONES TERAP\u00c9UTICAS<\/strong><br \/>\nAntiparasitario y antibacteriano de amplio espectro, indicado. para el control y tratamiento de infecciones causadas por trichomonas, amebas y giardias en caninos y felinos, as\u00ed como infecciones ent\u00e9ricas y sist\u00e9micas causadas por bacterias anaerobias susceptibles al metronidazol.<\/p>\n<p><strong>ESPECIES<\/strong><br \/>\nCaninos y felinos.<\/p>\n<p><strong>V\u00cdA DE ADMINISTRACI\u00d3N<\/strong><br \/>\nOral.<\/p>\n<p><strong>DOSIS<\/strong><br \/>\n<strong>Dosis general:<\/strong><br \/>\n<strong>Metronidazol:<\/strong> 25 mg\/kg de peso corporal cada 12 horas.<br \/>\n<strong>Flagyplex\u00ae<\/strong><br \/>\n<strong>Caninos:<\/strong> 1 mL por cada 2 kg de peso corporal (equivalente a 25 mg por kg de peso corporal) cada 12 h., durante un per\u00edodo de<br \/>\n5 a 7 d\u00edas.<br \/>\n<strong>Felinos:<\/strong> 0.5 mL por cada kg de peso corporal (equivalente a 25 mg por kg de peso corporal) cada 12 h., durante un per\u00edodo de<br \/>\n5 a 7 d\u00edas.<br \/>\nLa dosis puede modificarse a criterio del M\u00e9dico Veterinario seg\u00fan el tipo de infecci\u00f3n.<\/p>\n","protected":false},"excerpt":{"rendered":"<h2 class=\"fusion-responsive-typography-calculated\" data-fontsize=\"26\" data-lineheight=\"31.2px\">Flagyplex\u00ae Suspensi\u00f3n Oral<\/h2>\n<p>Antiprotozoario, antibacteriano y giardicida para perros y gatos. Caja con envase de 60 mL.<\/p>\n","protected":false},"featured_media":265,"comment_status":"open","ping_status":"closed","template":"","meta":{"rs_blank_template":"","rs_page_bg_color":"","slide_template_v7":""},"product_brand":[],"product_cat":[33],"product_tag":[],"class_list":{"0":"post-264","1":"product","2":"type-product","3":"status-publish","4":"has-post-thumbnail","6":"product_cat-linea-de-antiparasitarios","8":"first","9":"instock","10":"shipping-taxable","11":"product-type-simple"},"_links":{"self":[{"href":"https:\/\/staging.holland.mx\/index.php?rest_route=\/wp\/v2\/product\/264","targetHints":{"allow":["GET"]}}],"collection":[{"href":"https:\/\/staging.holland.mx\/index.php?rest_route=\/wp\/v2\/product"}],"about":[{"href":"https:\/\/staging.holland.mx\/index.php?rest_route=\/wp\/v2\/types\/product"}],"replies":[{"embeddable":true,"href":"https:\/\/staging.holland.mx\/index.php?rest_route=%2Fwp%2Fv2%2Fcomments&post=264"}],"wp:featuredmedia":[{"embeddable":true,"href":"https:\/\/staging.holland.mx\/index.php?rest_route=\/wp\/v2\/media\/265"}],"wp:attachment":[{"href":"https:\/\/staging.holland.mx\/index.php?rest_route=%2Fwp%2Fv2%2Fmedia&parent=264"}],"wp:term":[{"taxonomy":"product_brand","embeddable":true,"href":"https:\/\/staging.holland.mx\/index.php?rest_route=%2Fwp%2Fv2%2Fproduct_brand&post=264"},{"taxonomy":"product_cat","embeddable":true,"href":"https:\/\/staging.holland.mx\/index.php?rest_route=%2Fwp%2Fv2%2Fproduct_cat&post=264"},{"taxonomy":"product_tag","embeddable":true,"href":"https:\/\/staging.holland.mx\/index.php?rest_route=%2Fwp%2Fv2%2Fproduct_tag&post=264"}],"curies":[{"name":"wp","href":"https:\/\/api.w.org\/{rel}","templated":true}]}}