{"id":2743,"date":"2026-04-17T21:45:09","date_gmt":"2026-04-17T21:45:09","guid":{"rendered":"https:\/\/staging.holland.mx\/?post_type=product&#038;p=2743"},"modified":"2026-04-17T22:01:46","modified_gmt":"2026-04-17T22:01:46","slug":"rx-spectrum-cefalexina-tabletas","status":"publish","type":"product","link":"https:\/\/staging.holland.mx\/?product=rx-spectrum-cefalexina-tabletas","title":{"rendered":"Rx Spectrum\u00ae Cefalexina Tabletas"},"content":{"rendered":"<h2 class=\"fusion-responsive-typography-calculated\" data-fontsize=\"26\" data-lineheight=\"31.2px\">Rx Spectrum\u00ae Cefalexina Tabletas<\/h2>\n<p><strong>F\u00d3RMULA<\/strong><br \/>\n<strong>Dependiendo de la presentaci\u00f3n el contenido es el siguiente:<\/strong><br \/>\nTabletas 75 mg<br \/>\nCada tableta contiene:<br \/>\nCefalexina monohidrato 75 mg<br \/>\nExcipiente cbp 1 tableta<\/p>\n<p><strong>Tabletas 150 mg<\/strong><br \/>\n<strong>Cada tableta contiene:<\/strong><br \/>\nCefalexina monohidrato 150 mg<br \/>\nExcipiente cbp 1 tableta<\/p>\n<p><strong>Tabletas 300 mg<\/strong><br \/>\n<strong>Cada tableta contiene:<\/strong><br \/>\nCefalexina monohidrato 300 mg<br \/>\nExcipiente cbp 1 tableta<\/p>\n<p><strong>Tabletas 600 mg<\/strong><br \/>\n<strong>Cada tableta contiene:<\/strong><br \/>\nCefalexina monohidrato 600 mg<br \/>\nExcipiente cbp 1 tableta<\/p>\n<p><strong>INDICACIONES TERAP\u00c9UTICAS<\/strong><br \/>\nCefalosporina de primera generaci\u00f3n para el tratamiento de infecciones causadas por bacterias gram positivas y gram negativas susceptibles a la cefalexina. \u00datil en casos de pioderma, infecciones de tejidos blandos, infecciones respiratorias, otitis media, infecciones de los huesos y\/o articulaciones e infecciones en v\u00edas urinarias.<\/p>\n<p><strong>Especies<\/strong><br \/>\nCaninos y felinos.<\/p>\n<p><strong>V\u00eda de administraci\u00f3n<\/strong><br \/>\nOral.<\/p>\n<p><strong>PRESENTACI\u00d3N:<\/strong><br \/>\nCaja con frasco para 30 tabletas de 75 mg, 150 mg, 300 mg, 600 mg.<\/p>\n<p><strong>DOSIS<\/strong><br \/>\n<strong>Caninos y felinos:<\/strong><br \/>\n<strong>Dosis general:<\/strong> 15 mg por cada kg de peso corporal cada 8 o 12<br \/>\nh, por 5 a 7 d\u00edas, en caso de infecci\u00f3n severa la dosis puede<br \/>\nduplicarse (Allerton, 2020; BSAVA, 2017; Mar\u00edn, 2024; Sykes et al.,<br \/>\n2023; Wiebe, 2015).<\/p>\n<p><strong>Caninos:<\/strong><br \/>\n<strong>Pioderma:<\/strong> 22 a 35 mg por cada kg de peso corporal cada 12 h, por 21 a 42 d\u00edas.<br \/>\n<strong>Infecciones respiratorias:<\/strong> 20 a 40 mg por cada kg de peso corporal cada 8 h, por 7 a 14 d\u00edas.<br \/>\n<strong>Infecciones de tejidos blandos:<\/strong> 30 a 50 mg por cada kg de peso corporal cada 12 h.<br \/>\n<strong>Infecciones ortop\u00e9dicas:<\/strong> 22 a 30 mg por cada kg de peso corporal cada 6 a 8 horas durante 28 d\u00edas.<br \/>\n<strong>Infecciones de v\u00edas urinarias:<\/strong> 15 mg por cada kg de peso corporal cada 12 h, por 14 d\u00edas.<br \/>\n<strong>Infecci\u00f3n sist\u00e9mica:<\/strong> 25 a 45 mg por cada kg de peso corporal cada 8 h, por 14 a 28 d\u00edas.<\/p>\n<p><strong>Felinos:<\/strong><br \/>\n<strong>Pioderma:<\/strong> 20 a 30 mg por cada kg de peso corporal cada 8 a 12 h (Allerton, 2020).<br \/>\n<strong>Infecciones respiratorias:<\/strong> 30 mg por cada kg de peso corporal cada 12 h.<br \/>\n<strong>Infecciones de tejidos blandos:<\/strong> 15 a 30 mg por cada kg de peso corporal cada 12 h, por 14 a 28 d\u00edas.<br \/>\n<strong>Infecciones ortop\u00e9dicas:<\/strong> 25 mg por kg de peso corporal cada 8 a 12 h.<br \/>\n<strong>Infecciones de v\u00edas urinarias:<\/strong> 25 mg por kg de peso corporal cada 12 h, en infecciones no complicadas administrar por 10 a<br \/>\n14 d\u00edas y en infecciones complicadas administrar por 4 a 6 semanas.<br \/>\n<strong>Infecci\u00f3n sist\u00e9mica:<\/strong> 35 mg por cada kg de peso corporal cada 6 a 8 h, por 14 a 28 d\u00edas.<\/p>\n<p><strong>Rx Spectrum\u00ae Cefalexina 75 mg<\/strong><br \/>\n<strong>Caninos y felinos:<\/strong><br \/>\n<strong>Dosis general:<\/strong> 1 tableta por cada 5 kg de peso corporal cada 8 o<br \/>\n12 h, por 5 a 7 d\u00edas.<\/p>\n<p><strong>Caninos:<\/strong><br \/>\n<strong>Pioderma<\/strong>: 2 tabletas por cada 5 kg de peso corporal cada 12 h, por 21 a 42 d\u00edas.<br \/>\nInfecciones respiratorias: 1 tableta por cada 3 kg de peso corporal cada 8 h, por 7 a 14 d\u00edas.<br \/>\nInfecciones de tejidos blandos: 2 tabletas por cada 5 kg de peso corporal cada 12 h.<br \/>\nInfecciones ortop\u00e9dicas: 2 tabletas por cada 5 kg de peso corporal cada 6 a 8 horas durante 28 d\u00edas.<br \/>\nInfecciones de v\u00edas urinarias: 1 tableta por cada 5 kg de peso corporal cada 12 h, por 14 d\u00edas.<br \/>\nInfecci\u00f3n sist\u00e9mica: 1 tableta por cada 3 kg de peso corporal cada 8 h, por 14 a 28 d\u00edas.<\/p>\n<p><strong>Felinos:<\/strong><br \/>\n<strong>Pioderma:<\/strong> 1 tableta por cada 3 kg de peso corporal cada 8 a 12 h.<br \/>\n<b>Infecciones respiratorias:<\/b> 2 tabletas por cada 5 kg de peso corporal cada 12 h.<br \/>\n<b>Infecciones de tejidos blandos:<\/b> 1 tableta por cada 5 kg de peso corporal cada 12 h, por 14 a 28 d\u00edas.<br \/>\n<b>Infecciones ortop\u00e9dicas: <\/b>1 tableta por cada 3 kg de peso corporal cada 8 a 12 h.<br \/>\n<b>Infecciones de v\u00edas urinarias: <\/b>1 tableta por cada 3 kg de peso corporal cada 12 h, en infecciones no complicadas administrar<br \/>\npor 10 a 14 d\u00edas y en infecciones complicadas administrar por 4 a 6 semanas.<br \/>\n<b>Infecci\u00f3n sist\u00e9mica: <\/b>1 tableta por cada 2.14 kg de peso corporal cada 6 a 8 h, por 14 a 28 d\u00edas.<\/p>\n<p><b>Rx Spectrum\u00ae Cefalexina 150 mg<br \/>\nCaninos:<br \/>\nDosis general: <\/b>1 tableta por cada 10 kg de peso corporal cada 8<br \/>\no 12 h, por 5 a 7 d\u00edas.<br \/>\n<b>Pioderma:<\/b> 1 tableta por cada 5 kg de peso corporal cada 12 h, por 21 a 42 d\u00edas.<br \/>\n<b>Infecciones respiratorias:<\/b> 1 tableta por cada 6 kg de peso corporal cada 8 h, por 7 a 14 d\u00edas.<br \/>\n<b>Infecciones de tejidos blandos: <\/b>1 tableta por cada 5 kg de peso corporal cada 12 h.<br \/>\n<b>Infecciones ortop\u00e9dicas:<\/b> 1 tableta por cada 6 kg de peso corporal cada 6 a 8 horas durante 28 d\u00edas.<br \/>\n<b>Infecciones de v\u00edas urinarias:<\/b> 1 tableta por cada 10 kg de peso corporal cada 12 h, por 14 d\u00edas.<br \/>\n<b>Infecci\u00f3n sist\u00e9mica: <\/b>1 tableta por cada 6 kg de peso corporal cada 8 h, por 14 a 28 d\u00edas.<br \/>\n<b><\/b><\/p>\n<p><b>Rx Spectrum\u00ae Cefalexina 300 mg<br \/>\nCaninos:<\/b><\/p>\n<p><b>Dosis general: <\/b>1 tableta por cada 20 kg de peso corporal cada 8 o 12 h, por 5 a 7 d\u00edas.<br \/>\n<b>Pioderma: <\/b>1 tableta por cada 10 kg de peso corporal cada 12 h, por 21 a 42 d\u00edas.<br \/>\n<b>Infecciones respiratorias:<\/b> 1 tableta por cada 12 kg de peso corporal cada 8 h, por 7 a 14 d\u00edas.<br \/>\n<b>Infecciones de tejidos blandos:<\/b> 1 tableta por cada 10 kg de peso corporal cada 12 h.<br \/>\n<b>Infecciones ortop\u00e9dicas: <\/b>1 tableta por cada 12 kg de peso corporal cada 6 a 8 horas durante 28 d\u00edas.<br \/>\n<b>Infecciones de v\u00edas urinarias:<\/b> 1 tableta por cada 20 kg de peso corporal cada 12 h, por 14 d\u00edas.<br \/>\n<b>Infecci\u00f3n sist\u00e9mica:<\/b> 1 tableta por cada 12 kg de peso corporal cada 8 h, por 14 a 28 d\u00edas.<\/p>\n<p><b>Rx Spectrum\u00ae Cefalexina 600 mg<br \/>\nCaninos:<br \/>\nDosis general:<\/b> 1 tableta por cada 40 kg de peso corporal cada 8 o 12 h, por 5 a 7 d\u00edas.<br \/>\n<b>Pioderma:<\/b> 1 tableta por cada 20 kg de peso corporal cada 12 h, por 21 a 42 d\u00edas.<br \/>\n<b>Infecciones respiratorias: <\/b>1 tableta por cada 24 kg de peso corporal cada 8 h, por 7 a 14 d\u00edas.<br \/>\n<b>Infecciones de tejidos blandos: <\/b>1 tableta por cada 20 kg de peso corporal cada 12 h.<br \/>\n<b>Infecciones ortop\u00e9dicas:<\/b> 1 tableta por cada 24 kg de peso corporal cada 6 a 8 horas durante 28 d\u00edas.<br \/>\n<b>Infecciones de v\u00edas urinarias:<\/b> 1 tableta por cada 40 kg de peso corporal cada 12 h, por 14 d\u00edas.<br \/>\n<b>Infecci\u00f3n sist\u00e9mica: <\/b>1 tableta por cada 24 kg de peso corporal cada 8 h, por 14 a 28 d\u00edas.<\/p>\n","protected":false},"excerpt":{"rendered":"<h2 class=\"fusion-responsive-typography-calculated\" data-fontsize=\"26\" data-lineheight=\"31.2px\">Rx Spectrum\u00ae Cefalexina Tabletas<\/h2>\n<p>Antimicrobiano de amplio espectro para perros. Caja con 30 tabletas.<\/p>\n","protected":false},"featured_media":446,"comment_status":"open","ping_status":"closed","template":"","meta":{"rs_blank_template":"","rs_page_bg_color":"","slide_template_v7":""},"product_brand":[],"product_cat":[19],"product_tag":[],"class_list":{"0":"post-2743","1":"product","2":"type-product","3":"status-publish","4":"has-post-thumbnail","6":"product_cat-antibacterianos","8":"first","9":"instock","10":"shipping-taxable","11":"product-type-simple"},"_links":{"self":[{"href":"https:\/\/staging.holland.mx\/index.php?rest_route=\/wp\/v2\/product\/2743","targetHints":{"allow":["GET"]}}],"collection":[{"href":"https:\/\/staging.holland.mx\/index.php?rest_route=\/wp\/v2\/product"}],"about":[{"href":"https:\/\/staging.holland.mx\/index.php?rest_route=\/wp\/v2\/types\/product"}],"replies":[{"embeddable":true,"href":"https:\/\/staging.holland.mx\/index.php?rest_route=%2Fwp%2Fv2%2Fcomments&post=2743"}],"wp:featuredmedia":[{"embeddable":true,"href":"https:\/\/staging.holland.mx\/index.php?rest_route=\/wp\/v2\/media\/446"}],"wp:attachment":[{"href":"https:\/\/staging.holland.mx\/index.php?rest_route=%2Fwp%2Fv2%2Fmedia&parent=2743"}],"wp:term":[{"taxonomy":"product_brand","embeddable":true,"href":"https:\/\/staging.holland.mx\/index.php?rest_route=%2Fwp%2Fv2%2Fproduct_brand&post=2743"},{"taxonomy":"product_cat","embeddable":true,"href":"https:\/\/staging.holland.mx\/index.php?rest_route=%2Fwp%2Fv2%2Fproduct_cat&post=2743"},{"taxonomy":"product_tag","embeddable":true,"href":"https:\/\/staging.holland.mx\/index.php?rest_route=%2Fwp%2Fv2%2Fproduct_tag&post=2743"}],"curies":[{"name":"wp","href":"https:\/\/api.w.org\/{rel}","templated":true}]}}