{"id":416,"date":"2020-04-29T18:47:53","date_gmt":"2020-04-29T18:47:53","guid":{"rendered":"https:\/\/avadawebsites.wpengine.com\/pet-supplies\/?post_type=product&#038;p=416"},"modified":"2026-04-17T23:34:58","modified_gmt":"2026-04-17T23:34:58","slug":"colorful-cat-leash","status":"publish","type":"product","link":"https:\/\/staging.holland.mx\/?product=colorful-cat-leash","title":{"rendered":"Vermiplex\u00ae Max Tabletas"},"content":{"rendered":"<h2 class=\"fusion-responsive-typography-calculated\" data-fontsize=\"26\" data-lineheight=\"31.2px\">Vermiplex\u00ae Max Tabletas<\/h2>\n<p><strong>INDICACIONES TERAP\u00c9UTICAS<\/strong><br \/>\nAntihelm\u00edntico, tenicida y antiprotozoario para caninos indicado en la prevenci\u00f3n, control y tratamiento de las parasitosis mixtas causadas por nem\u00e1todos, c\u00e9stodos y protozoarios.<\/p>\n<p><strong>ESPECIES<\/strong><br \/>\nCaninos.<\/p>\n<p><strong>V\u00cdA DE ADMINISTRACI\u00d3N<\/strong><br \/>\nOral.<\/p>\n<p><strong>PRESENTACI\u00d3N:<\/strong><br \/>\nCaja con 6 carteras de 2 tabletas c\/u.<\/p>\n<p><strong>DOSIS<\/strong><br \/>\n<strong>Dosis general:<\/strong><br \/>\n<strong>Fenbendazol:<\/strong> 50 mg por kg de peso corporal.<br \/>\n<strong>Prazicuantel:<\/strong> 5 mg por kg de peso corporal.<br \/>\n<strong>Toltrazuril:<\/strong> 20 mg por kg de peso corporal.<\/p>\n<p><strong>Vermiplex\u00ae Max<\/strong><br \/>\n1 tableta por cada 10 kg de peso corporal.<br \/>\nEn infecciones por Trichuris sp., Toxocara sp., Ancylostoma sp.,<br \/>\nToxascaris sp., Uncinaria sp., Taenia sp., Giardia sp. y coccidia: 1<br \/>\ntableta por cada 10 kg de peso corporal cada 24h., por 3 d\u00edas<br \/>\nconsecutivos y repetir la dosis a los 14 y 21 d\u00edas.<\/p>\n<p>La dosis puede modificarse a criterio del M\u00e9dico Veterinario seg\u00fan el tipo de infecci\u00f3n.<br \/>\nSe sugiere repetir una toma cada 3 a 4 meses como medida preventiva para evitar reinfecciones.<br \/>\nEn caninos comenzar el tratamiento a las 4 semanas de edad siguiendo el esquema recomendado.<\/p>\n","protected":false},"excerpt":{"rendered":"<h2 class=\"fusion-responsive-typography-calculated\" data-fontsize=\"26\" data-lineheight=\"31.2px\">Vermiplex\u00ae Max Tabletas<\/h2>\n<p class=\"preFade fadeIn\">Antiparasitario interno de amplio espectro para perros. Caja con 6 carteras de 2 tabletas c\/u.<\/p>\n","protected":false},"featured_media":417,"comment_status":"open","ping_status":"closed","template":"","meta":{"rs_blank_template":"","rs_page_bg_color":"","slide_template_v7":""},"product_brand":[],"product_cat":[33],"product_tag":[],"class_list":{"0":"post-416","1":"product","2":"type-product","3":"status-publish","4":"has-post-thumbnail","6":"product_cat-linea-de-antiparasitarios","8":"first","9":"instock","10":"shipping-taxable","11":"product-type-simple"},"_links":{"self":[{"href":"https:\/\/staging.holland.mx\/index.php?rest_route=\/wp\/v2\/product\/416","targetHints":{"allow":["GET"]}}],"collection":[{"href":"https:\/\/staging.holland.mx\/index.php?rest_route=\/wp\/v2\/product"}],"about":[{"href":"https:\/\/staging.holland.mx\/index.php?rest_route=\/wp\/v2\/types\/product"}],"replies":[{"embeddable":true,"href":"https:\/\/staging.holland.mx\/index.php?rest_route=%2Fwp%2Fv2%2Fcomments&post=416"}],"wp:featuredmedia":[{"embeddable":true,"href":"https:\/\/staging.holland.mx\/index.php?rest_route=\/wp\/v2\/media\/417"}],"wp:attachment":[{"href":"https:\/\/staging.holland.mx\/index.php?rest_route=%2Fwp%2Fv2%2Fmedia&parent=416"}],"wp:term":[{"taxonomy":"product_brand","embeddable":true,"href":"https:\/\/staging.holland.mx\/index.php?rest_route=%2Fwp%2Fv2%2Fproduct_brand&post=416"},{"taxonomy":"product_cat","embeddable":true,"href":"https:\/\/staging.holland.mx\/index.php?rest_route=%2Fwp%2Fv2%2Fproduct_cat&post=416"},{"taxonomy":"product_tag","embeddable":true,"href":"https:\/\/staging.holland.mx\/index.php?rest_route=%2Fwp%2Fv2%2Fproduct_tag&post=416"}],"curies":[{"name":"wp","href":"https:\/\/api.w.org\/{rel}","templated":true}]}}