{"id":428,"date":"2020-04-29T19:08:56","date_gmt":"2020-04-29T19:08:56","guid":{"rendered":"https:\/\/avadawebsites.wpengine.com\/pet-supplies\/?post_type=product&#038;p=428"},"modified":"2026-04-17T22:43:25","modified_gmt":"2026-04-17T22:43:25","slug":"moist-food","status":"publish","type":"product","link":"https:\/\/staging.holland.mx\/?product=moist-food","title":{"rendered":"Rx Spectrum\u00ae Sulfametoxazol-Trimetoprim"},"content":{"rendered":"<h1 class=\"product-title preFade fadeIn\">Rx Spectrum\u00ae Sulfametoxazol-Trimetoprim<\/h1>\n<p><strong>F\u00d3RMULA<\/strong><br \/>\n<strong>Cada 100 mL contiene:<\/strong><br \/>\nSulfametoxazol 4 g<br \/>\nTrimetoprim 0.8 g<br \/>\nVeh\u00edculo cbp 100 mL<\/p>\n<p><strong>INDICACIONES TERAP\u00c9UTICAS<\/strong><br \/>\nAntimicrobiano y antiprotozoario sin\u00e9rgico de amplio espectro para el tratamiento de infecciones dermatol\u00f3gicas, respiratorias, digestivas y genitourinarias causadas por g\u00e9rmenes susceptibles a los principios activos de la f\u00f3rmula.<\/p>\n<p><strong>V\u00cdA DE ADMINISTRACI\u00d3N<\/strong><br \/>\nOral.<\/p>\n<p><strong>PRESENTACI\u00d3N<\/strong><br \/>\nCaja con envase de 60 mL.<\/p>\n<p><strong>DOSIS<\/strong><br \/>\n<strong>Dosis general:<\/strong><br \/>\n15-30 mg\/kg cada 12 h., durante 7 a 14 d\u00edas.<\/p>\n<p><strong>Rx Spectrum\u00ae Sulfametoxazol-Trimetoprim<\/strong><br \/>\n<strong>Caninos:<\/strong> 6 mL por cada 15 kg de peso corporal cada 12 h.<br \/>\n<strong>Felinos:<\/strong> 1.5 mL por cada 4 kg de peso corporal cada 12 h.<br \/>\nLa dosis puede modificarse a criterio del M\u00e9dico Veterinario.<\/p>\n","protected":false},"excerpt":{"rendered":"<h1 class=\"product-title preFade fadeIn\">Rx Spectrum\u00ae Sulfametoxazol-Trimetoprim<\/h1>\n<p>Antimicrobiano de amplio espectro para perros y gatos. 60 mL.<\/p>\n","protected":false},"featured_media":426,"comment_status":"open","ping_status":"closed","template":"","meta":{"rs_blank_template":"","rs_page_bg_color":"","slide_template_v7":""},"product_brand":[],"product_cat":[19],"product_tag":[],"class_list":{"0":"post-428","1":"product","2":"type-product","3":"status-publish","4":"has-post-thumbnail","6":"product_cat-antibacterianos","8":"first","9":"instock","10":"shipping-taxable","11":"product-type-simple"},"_links":{"self":[{"href":"https:\/\/staging.holland.mx\/index.php?rest_route=\/wp\/v2\/product\/428","targetHints":{"allow":["GET"]}}],"collection":[{"href":"https:\/\/staging.holland.mx\/index.php?rest_route=\/wp\/v2\/product"}],"about":[{"href":"https:\/\/staging.holland.mx\/index.php?rest_route=\/wp\/v2\/types\/product"}],"replies":[{"embeddable":true,"href":"https:\/\/staging.holland.mx\/index.php?rest_route=%2Fwp%2Fv2%2Fcomments&post=428"}],"wp:featuredmedia":[{"embeddable":true,"href":"https:\/\/staging.holland.mx\/index.php?rest_route=\/wp\/v2\/media\/426"}],"wp:attachment":[{"href":"https:\/\/staging.holland.mx\/index.php?rest_route=%2Fwp%2Fv2%2Fmedia&parent=428"}],"wp:term":[{"taxonomy":"product_brand","embeddable":true,"href":"https:\/\/staging.holland.mx\/index.php?rest_route=%2Fwp%2Fv2%2Fproduct_brand&post=428"},{"taxonomy":"product_cat","embeddable":true,"href":"https:\/\/staging.holland.mx\/index.php?rest_route=%2Fwp%2Fv2%2Fproduct_cat&post=428"},{"taxonomy":"product_tag","embeddable":true,"href":"https:\/\/staging.holland.mx\/index.php?rest_route=%2Fwp%2Fv2%2Fproduct_tag&post=428"}],"curies":[{"name":"wp","href":"https:\/\/api.w.org\/{rel}","templated":true}]}}