{"id":439,"date":"2020-04-29T19:18:38","date_gmt":"2020-04-29T19:18:38","guid":{"rendered":"https:\/\/avadawebsites.wpengine.com\/pet-supplies\/?post_type=product&#038;p=439"},"modified":"2026-04-17T21:44:30","modified_gmt":"2026-04-17T21:44:30","slug":"animal-transport-cage-2","status":"publish","type":"product","link":"https:\/\/staging.holland.mx\/?product=animal-transport-cage-2","title":{"rendered":"Rx Spectrum\u00ae Azitromicina Suspensi\u00f3n Oral"},"content":{"rendered":"<h2 class=\"fusion-responsive-typography-calculated\" data-fontsize=\"26\" data-lineheight=\"31.2px\">Rx Spectrum\u00ae Azitromicina Suspensi\u00f3n Oral<\/h2>\n<p><strong>F\u00d3RMULA<br \/>\nUna vez reconstituido cada mL contiene:<br \/>\n<\/strong>Azitromicina dihidrato 40 mg<br \/>\nVeh\u00edculo cbp 1mL<\/p>\n<p><strong>INDICACIONES TERAP\u00c9UTICAS<\/strong><br \/>\nAntimicrobiano de amplio espectro, para el tratamiento de<br \/>\ninfecciones respiratorias (v\u00edas altas y bajas),<br \/>\notorrinolaringol\u00f3gicas, dermatol\u00f3gicas, estomatol\u00f3gicas,<br \/>\nurogenitales, digestivas y osteoarticulares causadas por<br \/>\nmicroorganismos susceptibles al principio activo de la f\u00f3rmula.<\/p>\n<p><strong>ESPECIES<\/strong><br \/>\nCaninos y felinos.<\/p>\n<p><strong>V\u00cdA DE ADMINISTRACI\u00d3N<\/strong><br \/>\nOral.<\/p>\n<p><strong>PRESENTACI\u00d3N<\/strong><br \/>\nCaja con envase de 30 mL.<\/p>\n<p><strong>DOSIS<\/strong><br \/>\n<strong>Dosis general:<\/strong><br \/>\n10 mg\/kg de peso diarios durante 3 a 5 d\u00edas (Plumb, 2018).<\/p>\n<p><strong>Rx Spectrum\u00ae Azitromicina<\/strong><br \/>\n<strong>Caninos y felinos:<\/strong> administrar 1 mL (40 mg) por cada 4 kg de<br \/>\npeso corporal durante 3 a 5 d\u00edas.<br \/>\nPara la eliminaci\u00f3n de coccidios se recomiendan dos dosis de 30<br \/>\nmg por cada kg de peso corporal cada 48 h.<br \/>\nPara el tratamiento de clamidiasis se recomienda una dosis de<br \/>\n10 mg por cada kg de peso corporal cada 24 h durante 15 d\u00edas,<br \/>\nposteriormente 5 mg por cada kg de peso corporal cada 24 h<br \/>\ndurante 7 d\u00edas, seguido de 5 mg por cada kg de peso corporal<br \/>\ncada 48 h durante 14 d\u00edas.<br \/>\nLa dosis puede modificarse a criterio del M\u00e9dico Veterinario.<\/p>\n","protected":false},"excerpt":{"rendered":"<p><strong>Rx Spectrum\u00ae Azitromicina Suspensi\u00f3n Oral<\/strong><\/p>\n<p>Antimicrobiano de amplio espectro para perros y gatos. 30 mL<\/p>\n<p>&nbsp;<\/p>\n","protected":false},"featured_media":440,"comment_status":"open","ping_status":"closed","template":"","meta":{"rs_blank_template":"","rs_page_bg_color":"","slide_template_v7":""},"product_brand":[],"product_cat":[19],"product_tag":[],"class_list":{"0":"post-439","1":"product","2":"type-product","3":"status-publish","4":"has-post-thumbnail","6":"product_cat-antibacterianos","8":"first","9":"instock","10":"featured","11":"shipping-taxable","12":"product-type-simple"},"_links":{"self":[{"href":"https:\/\/staging.holland.mx\/index.php?rest_route=\/wp\/v2\/product\/439","targetHints":{"allow":["GET"]}}],"collection":[{"href":"https:\/\/staging.holland.mx\/index.php?rest_route=\/wp\/v2\/product"}],"about":[{"href":"https:\/\/staging.holland.mx\/index.php?rest_route=\/wp\/v2\/types\/product"}],"replies":[{"embeddable":true,"href":"https:\/\/staging.holland.mx\/index.php?rest_route=%2Fwp%2Fv2%2Fcomments&post=439"}],"wp:featuredmedia":[{"embeddable":true,"href":"https:\/\/staging.holland.mx\/index.php?rest_route=\/wp\/v2\/media\/440"}],"wp:attachment":[{"href":"https:\/\/staging.holland.mx\/index.php?rest_route=%2Fwp%2Fv2%2Fmedia&parent=439"}],"wp:term":[{"taxonomy":"product_brand","embeddable":true,"href":"https:\/\/staging.holland.mx\/index.php?rest_route=%2Fwp%2Fv2%2Fproduct_brand&post=439"},{"taxonomy":"product_cat","embeddable":true,"href":"https:\/\/staging.holland.mx\/index.php?rest_route=%2Fwp%2Fv2%2Fproduct_cat&post=439"},{"taxonomy":"product_tag","embeddable":true,"href":"https:\/\/staging.holland.mx\/index.php?rest_route=%2Fwp%2Fv2%2Fproduct_tag&post=439"}],"curies":[{"name":"wp","href":"https:\/\/api.w.org\/{rel}","templated":true}]}}