{"id":443,"date":"2020-04-29T19:32:49","date_gmt":"2020-04-29T19:32:49","guid":{"rendered":"https:\/\/avadawebsites.wpengine.com\/pet-supplies\/?post_type=product&#038;p=443"},"modified":"2026-04-17T21:37:31","modified_gmt":"2026-04-17T21:37:31","slug":"dog-treats","status":"publish","type":"product","link":"https:\/\/staging.holland.mx\/?product=dog-treats","title":{"rendered":"Rx Spectrum\u00aeEnrofloxacina Suspensi\u00f3n Oral"},"content":{"rendered":"<h2 class=\"fusion-responsive-typography-calculated\" data-fontsize=\"26\" data-lineheight=\"31.2px\">Rx Spectrum\u00aeEnrofloxacina Suspensi\u00f3n Oral<\/h2>\n<p><strong>F\u00d3RMULA:<br \/>\nCada mL contiene:<\/strong><br \/>\nEnrofloxacina 25 mg<br \/>\nVeh\u00edculo cbp 1 mL<\/p>\n<p class=\"preFade fadeIn\"><strong>INDICACIONES:<\/strong><br \/>\nAntimicrobiano de amplio espectro para el tratamiento de infecciones causadas por microorganismos susceptibles a la enrofloxacina en los siguientes casos:<\/p>\n<p class=\"preFade fadeIn\"><strong>Aparato respiratorio: <\/strong>faringitis, laringitis, traque\u00edtis, bronquitis, traqueobronquitis, neumon\u00eda, bronconeumon\u00eda y tos de las perreras.<\/p>\n<p class=\"preFade fadeIn\"><strong>Tracto digestivo:<\/strong> leptospirosis, gastroenteritis bacteriana, peritonitis bacteriana y estomatitis.<\/p>\n<p class=\"preFade fadeIn\"><strong>Genitourinaria:<\/strong> cistitis, prostatitis, uretritis, piometritis, vaginitis, metritis e infecciones del ri\u00f1\u00f3n.<\/p>\n<p class=\"preFade fadeIn\"><strong>Dermatol\u00f3gicas:<\/strong> abscesos, heridas, piodermas e infecciones de tejidos blandos, adem\u00e1s de otitis, infecciones osteoarticulares y septicemias.<\/p>\n<p class=\"preFade fadeIn\"><strong>VIA DE ADMINISTRACI\u00d3N:<\/strong><br \/>\nOral.<\/p>\n<p class=\"preFade fadeIn\"><strong>PRESENTACI\u00d3N:<\/strong><br \/>\nCaja con envase de 40 mL.<\/p>\n<p class=\"preFade fadeIn\"><strong>DOSIS:<br \/>\nDosis general:<br \/>\nCaninos:<\/strong> 5 a 20 mg\/kg de peso corporal, cada 24 horas.<br \/>\n<strong>Felinos:<\/strong> 5 mg\/kg de peso corporal, cada 24 horas.<\/p>\n<p class=\"preFade fadeIn\"><strong><em>Rx Spectrum\u00ae Enrofloxacina<\/em><\/strong><br \/>\n<strong>Caninos y felinos: <\/strong>administre 1 mL (25 mg) por nada 5 kg de peso corporal cada 24 h., durante 5 d\u00edas consecutivos o hasta la remisi\u00f3n de los signos cl\u00ednicos, sin exceder los 30 d\u00edas de tratamiento dependiendo el tipo de microorganismo.<\/p>\n<p class=\"preFade fadeIn\">Agite el producto antes de usar.<br \/>\nLa dosis puede modificarse a criterio del Medico Veterinario.<\/p>\n","protected":false},"excerpt":{"rendered":"<h2 class=\"fusion-responsive-typography-calculated\" data-fontsize=\"26\" data-lineheight=\"31.2px\">Rx Spectrum\u00aeEnrofloxacina Suspensi\u00f3n Oral<\/h2>\n<p>Antimicrobiano de amplio espectro para perros y gatos. 40 mL<\/p>\n","protected":false},"featured_media":444,"comment_status":"open","ping_status":"closed","template":"","meta":{"rs_blank_template":"","rs_page_bg_color":"","slide_template_v7":""},"product_brand":[],"product_cat":[19],"product_tag":[],"class_list":{"0":"post-443","1":"product","2":"type-product","3":"status-publish","4":"has-post-thumbnail","6":"product_cat-antibacterianos","8":"first","9":"instock","10":"shipping-taxable","11":"product-type-simple"},"_links":{"self":[{"href":"https:\/\/staging.holland.mx\/index.php?rest_route=\/wp\/v2\/product\/443","targetHints":{"allow":["GET"]}}],"collection":[{"href":"https:\/\/staging.holland.mx\/index.php?rest_route=\/wp\/v2\/product"}],"about":[{"href":"https:\/\/staging.holland.mx\/index.php?rest_route=\/wp\/v2\/types\/product"}],"replies":[{"embeddable":true,"href":"https:\/\/staging.holland.mx\/index.php?rest_route=%2Fwp%2Fv2%2Fcomments&post=443"}],"wp:featuredmedia":[{"embeddable":true,"href":"https:\/\/staging.holland.mx\/index.php?rest_route=\/wp\/v2\/media\/444"}],"wp:attachment":[{"href":"https:\/\/staging.holland.mx\/index.php?rest_route=%2Fwp%2Fv2%2Fmedia&parent=443"}],"wp:term":[{"taxonomy":"product_brand","embeddable":true,"href":"https:\/\/staging.holland.mx\/index.php?rest_route=%2Fwp%2Fv2%2Fproduct_brand&post=443"},{"taxonomy":"product_cat","embeddable":true,"href":"https:\/\/staging.holland.mx\/index.php?rest_route=%2Fwp%2Fv2%2Fproduct_cat&post=443"},{"taxonomy":"product_tag","embeddable":true,"href":"https:\/\/staging.holland.mx\/index.php?rest_route=%2Fwp%2Fv2%2Fproduct_tag&post=443"}],"curies":[{"name":"wp","href":"https:\/\/api.w.org\/{rel}","templated":true}]}}