{"id":445,"date":"2020-04-29T19:33:54","date_gmt":"2020-04-29T19:33:54","guid":{"rendered":"https:\/\/avadawebsites.wpengine.com\/pet-supplies\/?post_type=product&#038;p=445"},"modified":"2026-04-17T20:22:38","modified_gmt":"2026-04-17T20:22:38","slug":"pink-bone-toy","status":"publish","type":"product","link":"https:\/\/staging.holland.mx\/?product=pink-bone-toy","title":{"rendered":"Rx Spectrum\u00ae Doxiciclina Tabletas"},"content":{"rendered":"<h2 class=\"fusion-responsive-typography-calculated\" data-fontsize=\"26\" data-lineheight=\"31.2px\">Rx Spectrum\u00ae Doxiciclina Tabletas<\/h2>\n<p>F\u00d3RMULA:<\/p>\n<p><strong>F\u00d3RMULA:<br \/>\nTabletas 50 mg<\/strong><br \/>\n<strong>Cada tableta contiene:<\/strong><br \/>\nDoxiciclina hiclato 50 mg<br \/>\nExcipiente cbp 1 tableta.<\/p>\n<p><strong>Tabletas 100 mg<\/strong><br \/>\n<strong>Cada tableta contiene:<\/strong><br \/>\nDoxiciclina hiclato 100 mg<br \/>\nExcipiente cbp 1 tableta.<\/p>\n<p><strong>Tabletas 250 mg<\/strong><br \/>\n<strong>Cada tableta contiene:<\/strong><br \/>\nDoxiciclina hiclato 250 mg<br \/>\nExcipiente cbp 1 tableta.<\/p>\n<p><strong>INDICACIONES TERAP\u00c9UTICAS<\/strong><br \/>\nTratamiento de infecciones causadas por microorganismos susceptibles a la doxiciclina, particularmente respiratorias (neumon\u00edas, bronconeumon\u00edas, tos de las perreras, faringitis, traque\u00edtis, bronquitis y sinusitis), dermatol\u00f3gicas (otitis, abscesos y celulitis), articulares, genitourinarias, intestinales (gastroenteritis), leptospirosis, anaplasmosis, erlichiosis y brucelosis.<\/p>\n<p><strong>Especies<\/strong><br \/>\nCaninos y felinos.<\/p>\n<p><strong>V\u00eda de administraci\u00f3n<\/strong><br \/>\nOral.<\/p>\n<p><strong>PRESENTACI\u00d3N:<\/strong><br \/>\nCaja con frasco para 30 tabletas de 50 mg, 100 mg y 250 mg<\/p>\n<p><strong>Dosis<\/strong><br \/>\n<strong>Dosis general: <\/strong>10 mg por cada kg de peso corporal, cada 24 h., durante un periodo m\u00ednimo de 7 d\u00edas y puede prolongarse en casos cr\u00f3nicos seg\u00fan el padecimiento.<br \/>\n<strong><em>Rx Spectrum\u00ae Doxiciclina 50 mg:<\/em><br \/>\nCaninos y felinos:<\/strong> 1 tableta por cada 5 kg de peso corporal cada 24 h.<br \/>\n<strong><em>Rx Spectrum\u00ae Doxiciclina 100 mg:<\/em><br \/>\nCaninos:<\/strong> 1 tableta por cada 10 kg de peso corporal cada 24 h.<br \/>\n<strong><em>Rx Spectrum\u00ae Doxiciclina 250 mg:<\/em><br \/>\nCaninos:<\/strong> 1 tableta por cada 25 kg de peso corporal cada 24 h.<\/p>\n<p>La dosis puede modificarse a criterio del M\u00e9dico Veterinario.<\/p>\n","protected":false},"excerpt":{"rendered":"<h2 class=\"fusion-responsive-typography-calculated\" data-fontsize=\"26\" data-lineheight=\"31.2px\">Rx Spectrum\u00ae Doxiciclina Tabletas<\/h2>\n<p>Antimicrobiano de amplio espectro para perros. Caja con frasco para 30 tabletas.<\/p>\n","protected":false},"featured_media":446,"comment_status":"open","ping_status":"closed","template":"","meta":{"rs_blank_template":"","rs_page_bg_color":"","slide_template_v7":""},"product_brand":[],"product_cat":[19],"product_tag":[],"class_list":{"0":"post-445","1":"product","2":"type-product","3":"status-publish","4":"has-post-thumbnail","6":"product_cat-antibacterianos","8":"first","9":"instock","10":"shipping-taxable","11":"product-type-simple"},"_links":{"self":[{"href":"https:\/\/staging.holland.mx\/index.php?rest_route=\/wp\/v2\/product\/445","targetHints":{"allow":["GET"]}}],"collection":[{"href":"https:\/\/staging.holland.mx\/index.php?rest_route=\/wp\/v2\/product"}],"about":[{"href":"https:\/\/staging.holland.mx\/index.php?rest_route=\/wp\/v2\/types\/product"}],"replies":[{"embeddable":true,"href":"https:\/\/staging.holland.mx\/index.php?rest_route=%2Fwp%2Fv2%2Fcomments&post=445"}],"wp:featuredmedia":[{"embeddable":true,"href":"https:\/\/staging.holland.mx\/index.php?rest_route=\/wp\/v2\/media\/446"}],"wp:attachment":[{"href":"https:\/\/staging.holland.mx\/index.php?rest_route=%2Fwp%2Fv2%2Fmedia&parent=445"}],"wp:term":[{"taxonomy":"product_brand","embeddable":true,"href":"https:\/\/staging.holland.mx\/index.php?rest_route=%2Fwp%2Fv2%2Fproduct_brand&post=445"},{"taxonomy":"product_cat","embeddable":true,"href":"https:\/\/staging.holland.mx\/index.php?rest_route=%2Fwp%2Fv2%2Fproduct_cat&post=445"},{"taxonomy":"product_tag","embeddable":true,"href":"https:\/\/staging.holland.mx\/index.php?rest_route=%2Fwp%2Fv2%2Fproduct_tag&post=445"}],"curies":[{"name":"wp","href":"https:\/\/api.w.org\/{rel}","templated":true}]}}