{"id":449,"date":"2020-04-29T19:36:23","date_gmt":"2020-04-29T19:36:23","guid":{"rendered":"https:\/\/avadawebsites.wpengine.com\/pet-supplies\/?post_type=product&#038;p=449"},"modified":"2026-04-17T20:23:07","modified_gmt":"2026-04-17T20:23:07","slug":"transport-cage","status":"publish","type":"product","link":"https:\/\/staging.holland.mx\/?product=transport-cage","title":{"rendered":"Rx Spectrum\u00ae Clindamicina Soluci\u00f3n Oral"},"content":{"rendered":"<h2 class=\"fusion-responsive-typography-calculated\" data-fontsize=\"26\" data-lineheight=\"31.2px\">Rx Spectrum\u00ae Clindamicina<\/h2>\n<p><strong>Soluci\u00f3n oral<\/strong><br \/>\n<strong>Cada mL contiene:<\/strong><br \/>\nClorhidrato de clindamicina 25 mg<br \/>\nVeh\u00edculo cbp 1 mL<\/p>\n<p><strong>INDICACIONES TERAP\u00c9UTICAS<\/strong><br \/>\nTratamiento de infecciones bucales, de la piel (dermatitis<br \/>\nbacteriana), abscesos, heridas infectadas y osteomielitis<br \/>\ncausadas por bacterias susceptibles a la clindamicina. Por su<br \/>\nacci\u00f3n antiprotozoaria puede administrarse para el tratamiento<br \/>\nde toxoplasmosis y babesiosis. \u00datil para tratar animales al\u00e9rgicos<br \/>\na la penicilina<\/p>\n<p><strong>ESPECIES<\/strong><br \/>\nCaninos y felinos.<\/p>\n<p><strong>V\u00cdA DE ADMINISTRACI\u00d3N<\/strong><br \/>\nOral.<\/p>\n<p><strong>PRESENTACI\u00d3N:<\/strong><br \/>\nCaja con envase de 25 mL.<\/p>\n<p><strong>DOSIS<\/strong><br \/>\n<strong>Dosis general:<\/strong><br \/>\n5 a 10 mg por cada kg de peso corporal, cada 12h., o duplicar la<br \/>\ndosis cada 24 h., durante un periodo de 7 a 14 d\u00edas.<\/p>\n<p><strong>Rx Spectrum\u00ae Clindamicina soluci\u00f3n oral<\/strong><br \/>\n<strong>Caninos y felinos:<\/strong> 1 mL (25 mg) por cada 5 kg de peso corporal<br \/>\ncada 12 h., durante 7 a 14 d\u00edas \u00f3 2 mL (50 mg) por cada 5 kg de<br \/>\npeso corporal cada 24 h., durante 7 a 14 d\u00edas.<\/p>\n<p>En osteomielitis se sugiere duplicar la dosis de las tabletas o<br \/>\nsoluci\u00f3n y prolongar el tratamiento hasta por 28 d\u00edas.<br \/>\nLa dosis puede modificarse a criterio del M\u00e9dico Veterinario.<\/p>\n","protected":false},"excerpt":{"rendered":"<p><strong>Rx Spectrum\u00ae Clindamicina <\/strong><\/p>\n<p>Soluci\u00f3n Oral. Antibi\u00f3tico semisint\u00e9tico para perros y gatos. 25 mL.<\/p>\n","protected":false},"featured_media":450,"comment_status":"open","ping_status":"closed","template":"","meta":{"rs_blank_template":"","rs_page_bg_color":"","slide_template_v7":""},"product_brand":[],"product_cat":[19],"product_tag":[],"class_list":{"0":"post-449","1":"product","2":"type-product","3":"status-publish","4":"has-post-thumbnail","6":"product_cat-antibacterianos","8":"first","9":"instock","10":"shipping-taxable","11":"product-type-simple"},"_links":{"self":[{"href":"https:\/\/staging.holland.mx\/index.php?rest_route=\/wp\/v2\/product\/449","targetHints":{"allow":["GET"]}}],"collection":[{"href":"https:\/\/staging.holland.mx\/index.php?rest_route=\/wp\/v2\/product"}],"about":[{"href":"https:\/\/staging.holland.mx\/index.php?rest_route=\/wp\/v2\/types\/product"}],"replies":[{"embeddable":true,"href":"https:\/\/staging.holland.mx\/index.php?rest_route=%2Fwp%2Fv2%2Fcomments&post=449"}],"wp:featuredmedia":[{"embeddable":true,"href":"https:\/\/staging.holland.mx\/index.php?rest_route=\/wp\/v2\/media\/450"}],"wp:attachment":[{"href":"https:\/\/staging.holland.mx\/index.php?rest_route=%2Fwp%2Fv2%2Fmedia&parent=449"}],"wp:term":[{"taxonomy":"product_brand","embeddable":true,"href":"https:\/\/staging.holland.mx\/index.php?rest_route=%2Fwp%2Fv2%2Fproduct_brand&post=449"},{"taxonomy":"product_cat","embeddable":true,"href":"https:\/\/staging.holland.mx\/index.php?rest_route=%2Fwp%2Fv2%2Fproduct_cat&post=449"},{"taxonomy":"product_tag","embeddable":true,"href":"https:\/\/staging.holland.mx\/index.php?rest_route=%2Fwp%2Fv2%2Fproduct_tag&post=449"}],"curies":[{"name":"wp","href":"https:\/\/api.w.org\/{rel}","templated":true}]}}