{"id":451,"date":"2020-04-29T19:40:37","date_gmt":"2020-04-29T19:40:37","guid":{"rendered":"https:\/\/avadawebsites.wpengine.com\/pet-supplies\/?post_type=product&#038;p=451"},"modified":"2026-04-11T00:58:28","modified_gmt":"2026-04-11T00:58:28","slug":"chewable-toy-2","status":"publish","type":"product","link":"https:\/\/staging.holland.mx\/?product=chewable-toy-2","title":{"rendered":"Rx Spectrum\u00ae Amoxicilina-\u00c1cido Clavul\u00e1nico Tabletas"},"content":{"rendered":"<h2 class=\"fusion-responsive-typography-calculated\" data-fontsize=\"26\" data-lineheight=\"31.2px\">F\u00f3rmula:<\/h2>\n<p><strong>Tabletas 50 mg<\/strong><br \/>\n<strong>Cada tableta contiene:<\/strong><br \/>\nAmoxicilina trihidratada 40 mg<br \/>\n\u00c1cido clavul\u00e1nico 10 mg<br \/>\nExcipiente cbp 1 tableta<br \/>\n<strong>Tabletas 250 mg<\/strong><br \/>\n<strong>Cada tableta contiene:<\/strong><br \/>\nAmoxicilina trihidratada 200 mg<br \/>\n\u00c1cido clavul\u00e1nico 50 mg<br \/>\nExcipiente cbp 1 tableta<br \/>\n<strong>Tabletas 500 mg<\/strong><br \/>\n<strong>Cada tableta contiene:<\/strong><br \/>\nAmoxicilina trihidratada 400 mg<br \/>\n\u00c1cido clavul\u00e1nico 100 mg<br \/>\nExcipiente cbp 1 tableta<\/p>\n<p><strong>INDICACIONES TERAP\u00c9UTICAS:<\/strong><br \/>\nTratamiento de infecciones de la piel, tejidos blandos, genitourinarias, v\u00edas respiratorias, o\u00eddos y enfermedades periodontales en caninos y felinos, causadas por g\u00e9rmenes susceptibles a los principios activos de la f\u00f3rmula.<\/p>\n<p><strong>ESPECIES:<\/strong><br \/>\nCaninos y felinos.<\/p>\n","protected":false},"excerpt":{"rendered":"<p>Vestibulum ac diam sit amet quam vehicula elementum sed sit amet dui. Vivamus magna justo, lacinia eget consectetur sed, convallis at tellus. Praesent sapien massa, convallis a pellentesque nec, egestas non nisi. Lorem ipsum dolor sit amet, consectetur adipiscing elit.<\/p>\n","protected":false},"featured_media":452,"comment_status":"open","ping_status":"closed","template":"","meta":{"rs_blank_template":"","rs_page_bg_color":"","slide_template_v7":""},"product_brand":[],"product_cat":[19],"product_tag":[],"class_list":{"0":"post-451","1":"product","2":"type-product","3":"status-publish","4":"has-post-thumbnail","6":"product_cat-antibacterianos","8":"first","9":"instock","10":"shipping-taxable","11":"product-type-simple"},"_links":{"self":[{"href":"https:\/\/staging.holland.mx\/index.php?rest_route=\/wp\/v2\/product\/451","targetHints":{"allow":["GET"]}}],"collection":[{"href":"https:\/\/staging.holland.mx\/index.php?rest_route=\/wp\/v2\/product"}],"about":[{"href":"https:\/\/staging.holland.mx\/index.php?rest_route=\/wp\/v2\/types\/product"}],"replies":[{"embeddable":true,"href":"https:\/\/staging.holland.mx\/index.php?rest_route=%2Fwp%2Fv2%2Fcomments&post=451"}],"wp:featuredmedia":[{"embeddable":true,"href":"https:\/\/staging.holland.mx\/index.php?rest_route=\/wp\/v2\/media\/452"}],"wp:attachment":[{"href":"https:\/\/staging.holland.mx\/index.php?rest_route=%2Fwp%2Fv2%2Fmedia&parent=451"}],"wp:term":[{"taxonomy":"product_brand","embeddable":true,"href":"https:\/\/staging.holland.mx\/index.php?rest_route=%2Fwp%2Fv2%2Fproduct_brand&post=451"},{"taxonomy":"product_cat","embeddable":true,"href":"https:\/\/staging.holland.mx\/index.php?rest_route=%2Fwp%2Fv2%2Fproduct_cat&post=451"},{"taxonomy":"product_tag","embeddable":true,"href":"https:\/\/staging.holland.mx\/index.php?rest_route=%2Fwp%2Fv2%2Fproduct_tag&post=451"}],"curies":[{"name":"wp","href":"https:\/\/api.w.org\/{rel}","templated":true}]}}