{"id":453,"date":"2020-04-29T19:41:25","date_gmt":"2020-04-29T19:41:25","guid":{"rendered":"https:\/\/avadawebsites.wpengine.com\/pet-supplies\/?post_type=product&#038;p=453"},"modified":"2026-04-17T00:50:49","modified_gmt":"2026-04-17T00:50:49","slug":"suspension-oral","status":"publish","type":"product","link":"https:\/\/staging.holland.mx\/?product=suspension-oral","title":{"rendered":"Rx Spectrum\u00ae Amoxicilina-\u00c1cido Clavul\u00e1nico Suspensi\u00f3n"},"content":{"rendered":"<h2 class=\"fusion-responsive-typography-calculated\" data-fontsize=\"26\" data-lineheight=\"31.2px\">Rx Spectrum\u00ae Amoxicilina-\u00c1cido Clavul\u00e1nico<\/h2>\n<p><strong>Suspensi\u00f3n oral<br \/>\nUna vez reconstituido cada mL contiene:<br \/>\n<\/strong>Amoxicilina trihidratada 50 mg<br \/>\n\u00c1cido clavul\u00e1nico 12.5 mg<br \/>\nVeh\u00edculo cbp 1 mL<\/p>\n<p><strong>Indicaciones Terap\u00e9uticas: <\/strong>Tratamiento de infecciones de la piel, tejidos blandos, genitourinarias, v\u00edas respiratorias, o\u00eddos y enfermedades<br \/>\nperiodontales en caninos y felinos, causadas por g\u00e9rmenes susceptibles a los principios activos de la f\u00f3rmula.<\/p>\n<p><strong>ESPECIES: <\/strong>Caninos y felinos.<\/p>\n<p><strong>V\u00cdA DE ADMINISTRACI\u00d3N: <\/strong>Oral.<\/p>\n<p><strong>Dosis general:<\/strong><br \/>\n10 mg de amoxicilina y 2.5 mg de \u00e1cido clavul\u00e1nico por cada kg<br \/>\nde peso corporal, cada 8 o 12 h., durante 7 d\u00edas.<\/p>\n<p><strong>Rx Spectrum\u00ae Amoxicilina-\u00c1cido Clavul\u00e1nico suspensi\u00f3n oral<\/strong><br \/>\n<strong>Caninos y felinos:<\/strong> 1 mL por cada 5 kg de peso corporal cada 8 o<br \/>\n12 h., durante 7 d\u00edas.<\/p>\n<p>Una vez hecha la mezcla se conserva 7 d\u00edas en refrigeraci\u00f3n,<br \/>\ndespu\u00e9s de este tiempo el producto debe desecharse.<br \/>\nLa dosis puede modificarse a criterio del M\u00e9dico Veterinario.<\/p>\n<p>&nbsp;<\/p>\n","protected":false},"excerpt":{"rendered":"<p>Rx Spectrum\u00ae Amoxicilina-\u00c1cido Clavul\u00e1nico suspensi\u00f3n oral, para caninos y felinos. 30 mL<\/p>\n","protected":false},"featured_media":2663,"comment_status":"open","ping_status":"closed","template":"","meta":{"rs_blank_template":"","rs_page_bg_color":"","slide_template_v7":""},"product_brand":[],"product_cat":[19],"product_tag":[39,38,40,43,42,37,41],"class_list":{"0":"post-453","1":"product","2":"type-product","3":"status-publish","4":"has-post-thumbnail","6":"product_cat-antibacterianos","7":"product_tag-amplio-espectro","8":"product_tag-antibiotico","9":"product_tag-antimicrobiano","10":"product_tag-gato","11":"product_tag-perro","12":"product_tag-suspension","13":"product_tag-suspensionoral","15":"first","16":"instock","17":"shipping-taxable","18":"product-type-simple"},"_links":{"self":[{"href":"https:\/\/staging.holland.mx\/index.php?rest_route=\/wp\/v2\/product\/453","targetHints":{"allow":["GET"]}}],"collection":[{"href":"https:\/\/staging.holland.mx\/index.php?rest_route=\/wp\/v2\/product"}],"about":[{"href":"https:\/\/staging.holland.mx\/index.php?rest_route=\/wp\/v2\/types\/product"}],"replies":[{"embeddable":true,"href":"https:\/\/staging.holland.mx\/index.php?rest_route=%2Fwp%2Fv2%2Fcomments&post=453"}],"wp:featuredmedia":[{"embeddable":true,"href":"https:\/\/staging.holland.mx\/index.php?rest_route=\/wp\/v2\/media\/2663"}],"wp:attachment":[{"href":"https:\/\/staging.holland.mx\/index.php?rest_route=%2Fwp%2Fv2%2Fmedia&parent=453"}],"wp:term":[{"taxonomy":"product_brand","embeddable":true,"href":"https:\/\/staging.holland.mx\/index.php?rest_route=%2Fwp%2Fv2%2Fproduct_brand&post=453"},{"taxonomy":"product_cat","embeddable":true,"href":"https:\/\/staging.holland.mx\/index.php?rest_route=%2Fwp%2Fv2%2Fproduct_cat&post=453"},{"taxonomy":"product_tag","embeddable":true,"href":"https:\/\/staging.holland.mx\/index.php?rest_route=%2Fwp%2Fv2%2Fproduct_tag&post=453"}],"curies":[{"name":"wp","href":"https:\/\/api.w.org\/{rel}","templated":true}]}}